{"id":82,"date":"2013-08-11T19:06:15","date_gmt":"2013-08-11T17:06:15","guid":{"rendered":"http:\/\/localhost:8888\/test\/?page_id=520"},"modified":"2022-06-29T12:20:39","modified_gmt":"2022-06-29T10:20:39","slug":"sobre-nosotros","status":"publish","type":"page","link":"https:\/\/colegiotrinitarias.com\/tienda-online\/sobre-nosotros\/","title":{"rendered":"Sobre nosotros"},"content":{"rendered":"\n  <div class=\"banner has-hover has-parallax\" id=\"banner-146554279\">\n          <div class=\"banner-inner fill\">\n        <div class=\"banner-bg fill\" data-parallax=\"-3\" data-parallax-container=\".banner\" data-parallax-background>\n            <img loading=\"lazy\" decoding=\"async\" width=\"1020\" height=\"680\" src=\"https:\/\/colegiotrinitarias.com\/tienda-online\/wp-content\/uploads\/2022\/06\/top-nosotros-1200x800.jpg\" class=\"bg attachment-large size-large\" alt=\"\" \/>                        <div class=\"overlay\"><\/div>            \n                    <\/div>\n\t\t\n        <div class=\"banner-layers container\">\n            <div class=\"fill banner-link\"><\/div>            \n\n   <div id=\"text-box-1089284948\" class=\"text-box banner-layer x50 md-x50 lg-x50 y80 md-y80 lg-y80 res-text\">\n                                <div class=\"text-box-content text dark\">\n              \n              <div class=\"text-inner text-center\">\n                  \n\n<h1 class=\"lead\">Sobre nosotros<\/h1>\n<p class=\"lead\">Colegio Virgen del Remedio<\/p>\n\n\n              <\/div>\n           <\/div>\n                            \n<style>\n#text-box-1089284948 {\n  width: 60%;\n}\n#text-box-1089284948 .text-box-content {\n  font-size: 100%;\n}\n<\/style>\n    <\/div>\n \n\n        <\/div>\n      <\/div>\n\n            \n<style>\n#banner-146554279 {\n  padding-top: 507px;\n}\n#banner-146554279 .overlay {\n  background-color: rgba(0, 0, 0, 0.49);\n}\n<\/style>\n  <\/div>\n\n\n<div class=\"row\"  id=\"row-1553960114\">\n\n\n\t<div id=\"col-414452108\" class=\"col small-12 large-12\"  >\n\t\t\t\t<div class=\"col-inner\"  >\n\t\t\t\n\t\t\t\n\n<p>En el&nbsp;<strong>Colegio Virgen del Remedio<\/strong>&nbsp;convergen 50 a\u00f1os de probada experiencia en el \u00e1mbito de la educaci\u00f3n, la cual siempre se ha concebido de una forma global. No se puede comprender la educaci\u00f3n si no es de una forma integral, desde todos los planos en los que se desarrolla el ser humano.<\/p>\n<p>En el&nbsp;<strong>Colegio Virgen del Remedio<\/strong>&nbsp;la educaci\u00f3n se comprende como fuente de liberaci\u00f3n. Entendemos que nuestra sociedad actual demanda un dinamismo continuo, una fuerza que nos impele a buscar en todos los campos la mejor forma de llevar a cabo nuestra labor.<\/p>\n<p>Es por esta raz\u00f3n que, con una fuerte base en valores, que forjen a los alumnos y los lleven a convertirse en ciudadanos valiosos para nuestra sociedad, lo cuales supongan un cambio positivo.<\/p>\n<p>Ofrecemos una educaci\u00f3n innovadora, a diferentes niveles, tanto t\u00e9cnico como humano, con proyectos interdisciplinares que conectan de manera transversal varias asignaturas y campos de trabajo, con el fin de acercar a los alumnos a un conocimiento pr\u00f3ximo y a la vez bien fundamentado.<\/p>\n<p>Del mismo modo, estamos convencidos, y por tanto as\u00ed trabajamos en ello, de que debe tratarse de un proceso metodol\u00f3gico y pedag\u00f3gico enfocado a una internacionalizaci\u00f3n real y duradera en colaboraci\u00f3n con centros de otros pa\u00edses.<\/p>\n<div class=\"text-center\"><div class=\"is-divider divider clearfix\" ><\/div><\/div>\n\n\n\t\t<\/div>\n\t\t\t\t\t<\/div>\n\n\t\n\n<\/div>","protected":false},"excerpt":{"rendered":"","protected":false},"author":1,"featured_media":12,"parent":0,"menu_order":0,"comment_status":"closed","ping_status":"closed","template":"page-blank.php","meta":{"footnotes":""},"class_list":["post-82","page","type-page","status-publish","has-post-thumbnail","hentry"],"_links":{"self":[{"href":"https:\/\/colegiotrinitarias.com\/tienda-online\/wp-json\/wp\/v2\/pages\/82","targetHints":{"allow":["GET"]}}],"collection":[{"href":"https:\/\/colegiotrinitarias.com\/tienda-online\/wp-json\/wp\/v2\/pages"}],"about":[{"href":"https:\/\/colegiotrinitarias.com\/tienda-online\/wp-json\/wp\/v2\/types\/page"}],"author":[{"embeddable":true,"href":"https:\/\/colegiotrinitarias.com\/tienda-online\/wp-json\/wp\/v2\/users\/1"}],"replies":[{"embeddable":true,"href":"https:\/\/colegiotrinitarias.com\/tienda-online\/wp-json\/wp\/v2\/comments?post=82"}],"version-history":[{"count":4,"href":"https:\/\/colegiotrinitarias.com\/tienda-online\/wp-json\/wp\/v2\/pages\/82\/revisions"}],"predecessor-version":[{"id":485,"href":"https:\/\/colegiotrinitarias.com\/tienda-online\/wp-json\/wp\/v2\/pages\/82\/revisions\/485"}],"wp:featuredmedia":[{"embeddable":true,"href":"https:\/\/colegiotrinitarias.com\/tienda-online\/wp-json\/wp\/v2\/media\/12"}],"wp:attachment":[{"href":"https:\/\/colegiotrinitarias.com\/tienda-online\/wp-json\/wp\/v2\/media?parent=82"}],"curies":[{"name":"wp","href":"https:\/\/api.w.org\/{rel}","templated":true}]}}