{"id":660,"date":"2022-06-30T10:35:44","date_gmt":"2022-06-30T08:35:44","guid":{"rendered":"https:\/\/colegiotrinitarias.com\/tienda-online\/?post_type=product&#038;p=660"},"modified":"2024-06-28T11:02:10","modified_gmt":"2024-06-28T09:02:10","slug":"chandal","status":"publish","type":"product","link":"https:\/\/colegiotrinitarias.com\/tienda-online\/producto\/chandal\/","title":{"rendered":"Ch\u00e1ndal"},"content":{"rendered":"<p>Tejido Principal C\/ Azul<br \/>\nTejido Contraste C\/ Rojo y Blanco<br \/>\nBordado C\/ Blanco C\/ Rojo<br \/>\nDetalle confecci\u00f3n cuello<br \/>\nDetalle de confecci\u00f3n bolsillo lateral<br \/>\nDetalle confecci\u00f3n pu\u00f1o con el\u00e1stico interior<\/p>\n","protected":false},"excerpt":{"rendered":"<p>Tejido Principal C\/ Azul<br \/>\nTejido Contraste C\/ Rojo y Blanco<br \/>\nBordado C\/ Blanco C\/ Rojo<br \/>\nDetalle confecci\u00f3n cuello<br \/>\nDetalle de confecci\u00f3n bolsillo lateral<br \/>\nDetalle confecci\u00f3n pu\u00f1o con el\u00e1stico interior<\/p>\n","protected":false},"featured_media":1239,"template":"","meta":[],"product_brand":[],"product_cat":[15,39],"product_tag":[],"class_list":{"0":"post-660","1":"product","2":"type-product","3":"status-publish","4":"has-post-thumbnail","6":"product_cat-productos","7":"product_cat-deporte","9":"first","10":"instock","11":"taxable","12":"shipping-taxable","13":"purchasable","14":"product-type-variable"},"_links":{"self":[{"href":"https:\/\/colegiotrinitarias.com\/tienda-online\/wp-json\/wp\/v2\/product\/660","targetHints":{"allow":["GET"]}}],"collection":[{"href":"https:\/\/colegiotrinitarias.com\/tienda-online\/wp-json\/wp\/v2\/product"}],"about":[{"href":"https:\/\/colegiotrinitarias.com\/tienda-online\/wp-json\/wp\/v2\/types\/product"}],"wp:featuredmedia":[{"embeddable":true,"href":"https:\/\/colegiotrinitarias.com\/tienda-online\/wp-json\/wp\/v2\/media\/1239"}],"wp:attachment":[{"href":"https:\/\/colegiotrinitarias.com\/tienda-online\/wp-json\/wp\/v2\/media?parent=660"}],"wp:term":[{"taxonomy":"product_brand","embeddable":true,"href":"https:\/\/colegiotrinitarias.com\/tienda-online\/wp-json\/wp\/v2\/product_brand?post=660"},{"taxonomy":"product_cat","embeddable":true,"href":"https:\/\/colegiotrinitarias.com\/tienda-online\/wp-json\/wp\/v2\/product_cat?post=660"},{"taxonomy":"product_tag","embeddable":true,"href":"https:\/\/colegiotrinitarias.com\/tienda-online\/wp-json\/wp\/v2\/product_tag?post=660"}],"curies":[{"name":"wp","href":"https:\/\/api.w.org\/{rel}","templated":true}]}}